{"id":6911,"date":"2022-04-13T17:11:53","date_gmt":"2022-04-13T17:11:53","guid":{"rendered":"https:\/\/br-galleri.no\/?page_id=6911"},"modified":"2026-01-31T19:47:23","modified_gmt":"2026-01-31T19:47:23","slug":"artists","status":"publish","type":"page","link":"https:\/\/br-galleri.no\/en\/artists\/","title":{"rendered":"Artists"},"content":{"rendered":"<div class=\"wp-block-image\">\n<figure class=\"aligncenter size-large is-resized\"><img data-recalc-dims=\"1\" loading=\"lazy\" decoding=\"async\" width=\"1024\" height=\"683\" data-attachment-id=\"7424\" data-permalink=\"https:\/\/br-galleri.no\/en\/doc-carousel\/\" data-orig-file=\"https:\/\/i0.wp.com\/br-galleri.no\/wp-content\/uploads\/2023\/10\/doc-carousel.jpeg?fit=1047%2C698&amp;ssl=1\" data-orig-size=\"1047,698\" data-comments-opened=\"1\" data-image-meta=\"{&quot;aperture&quot;:&quot;0&quot;,&quot;credit&quot;:&quot;&quot;,&quot;camera&quot;:&quot;&quot;,&quot;caption&quot;:&quot;&quot;,&quot;created_timestamp&quot;:&quot;0&quot;,&quot;copyright&quot;:&quot;&quot;,&quot;focal_length&quot;:&quot;0&quot;,&quot;iso&quot;:&quot;0&quot;,&quot;shutter_speed&quot;:&quot;0&quot;,&quot;title&quot;:&quot;&quot;,&quot;orientation&quot;:&quot;0&quot;}\" data-image-title=\"doc-carousel\" data-image-description=\"\" data-image-caption=\"\" data-large-file=\"https:\/\/i0.wp.com\/br-galleri.no\/wp-content\/uploads\/2023\/10\/doc-carousel.jpeg?fit=1024%2C683&amp;ssl=1\" src=\"https:\/\/i0.wp.com\/br-galleri.no\/wp-content\/uploads\/2023\/10\/doc-carousel.jpeg?resize=1024%2C683&#038;ssl=1\" alt=\"Elling Reitan\" class=\"wp-image-7424\" style=\"width:259px;height:auto\" srcset=\"https:\/\/i0.wp.com\/br-galleri.no\/wp-content\/uploads\/2023\/10\/doc-carousel.jpeg?resize=1024%2C683&amp;ssl=1 1024w, https:\/\/i0.wp.com\/br-galleri.no\/wp-content\/uploads\/2023\/10\/doc-carousel.jpeg?resize=300%2C200&amp;ssl=1 300w, https:\/\/i0.wp.com\/br-galleri.no\/wp-content\/uploads\/2023\/10\/doc-carousel.jpeg?resize=768%2C512&amp;ssl=1 768w, https:\/\/i0.wp.com\/br-galleri.no\/wp-content\/uploads\/2023\/10\/doc-carousel.jpeg?resize=18%2C12&amp;ssl=1 18w, https:\/\/i0.wp.com\/br-galleri.no\/wp-content\/uploads\/2023\/10\/doc-carousel.jpeg?resize=600%2C400&amp;ssl=1 600w, https:\/\/i0.wp.com\/br-galleri.no\/wp-content\/uploads\/2023\/10\/doc-carousel.jpeg?w=1047&amp;ssl=1 1047w\" sizes=\"auto, (max-width: 1000px) 100vw, 1000px\" \/><\/figure>\n<\/div>\n\n\n<p class=\"has-text-align-center wp-block-paragraph\">ELLING REITAN (f. 1949)<\/p>\n\n\n\n<p class=\"wp-block-paragraph\"><a href=\"https:\/\/www.ellingreitan.com\">https:\/\/www.ellingreitan.com<\/a><\/p>\n\n\n\n<p class=\"wp-block-paragraph\">Med sine fargesterke motiver, symboler og fabulerende billedspr\u00e5k har ELLING REITAN (f. 1949) blitt en av landets mest ettertraktede kunstnere. Ogs\u00e5 i USA, Kina og India har de f\u00e5tt \u00f8ynene opp for tr\u00f8nderen, og han har solgt godt etter utstillinger i b\u00e5de Tokyo, Paris, Wien og Gen\u00e8ve.<\/p>\n\n\n<div class=\"wp-block-image\">\n<figure class=\"aligncenter size-full is-resized\"><img data-recalc-dims=\"1\" loading=\"lazy\" decoding=\"async\" width=\"852\" height=\"936\" data-attachment-id=\"7661\" data-permalink=\"https:\/\/br-galleri.no\/en\/bjorn-reitan_01\/\" data-orig-file=\"https:\/\/i0.wp.com\/br-galleri.no\/wp-content\/uploads\/2023\/12\/Bjorn-Reitan_01.jpg?fit=852%2C936&amp;ssl=1\" data-orig-size=\"852,936\" data-comments-opened=\"1\" data-image-meta=\"{&quot;aperture&quot;:&quot;0&quot;,&quot;credit&quot;:&quot;&quot;,&quot;camera&quot;:&quot;&quot;,&quot;caption&quot;:&quot;&quot;,&quot;created_timestamp&quot;:&quot;0&quot;,&quot;copyright&quot;:&quot;&quot;,&quot;focal_length&quot;:&quot;0&quot;,&quot;iso&quot;:&quot;0&quot;,&quot;shutter_speed&quot;:&quot;0&quot;,&quot;title&quot;:&quot;&quot;,&quot;orientation&quot;:&quot;0&quot;}\" data-image-title=\"Bjorn Reitan_01\" data-image-description=\"\" data-image-caption=\"\" data-large-file=\"https:\/\/i0.wp.com\/br-galleri.no\/wp-content\/uploads\/2023\/12\/Bjorn-Reitan_01.jpg?fit=852%2C936&amp;ssl=1\" src=\"https:\/\/i0.wp.com\/br-galleri.no\/wp-content\/uploads\/2023\/12\/Bjorn-Reitan_01.jpg?resize=852%2C936&#038;ssl=1\" alt=\"Bj\u00f8rn Reitan\" class=\"wp-image-7661\" style=\"width:276px;height:auto\" srcset=\"https:\/\/i0.wp.com\/br-galleri.no\/wp-content\/uploads\/2023\/12\/Bjorn-Reitan_01.jpg?w=852&amp;ssl=1 852w, https:\/\/i0.wp.com\/br-galleri.no\/wp-content\/uploads\/2023\/12\/Bjorn-Reitan_01.jpg?resize=273%2C300&amp;ssl=1 273w, https:\/\/i0.wp.com\/br-galleri.no\/wp-content\/uploads\/2023\/12\/Bjorn-Reitan_01.jpg?resize=768%2C844&amp;ssl=1 768w, https:\/\/i0.wp.com\/br-galleri.no\/wp-content\/uploads\/2023\/12\/Bjorn-Reitan_01.jpg?resize=11%2C12&amp;ssl=1 11w, https:\/\/i0.wp.com\/br-galleri.no\/wp-content\/uploads\/2023\/12\/Bjorn-Reitan_01.jpg?resize=300%2C330&amp;ssl=1 300w, https:\/\/i0.wp.com\/br-galleri.no\/wp-content\/uploads\/2023\/12\/Bjorn-Reitan_01.jpg?resize=600%2C659&amp;ssl=1 600w\" sizes=\"auto, (max-width: 852px) 100vw, 852px\" \/><\/figure>\n<\/div>\n\n\n<p class=\"has-text-align-center wp-block-paragraph\">Bj\u00f8rn Reitan f\u00f8dt 26.10.43 &#8211; D\u00f8d 26.12.23<\/p>\n\n\n\n<p class=\"has-text-align-center wp-block-paragraph\">BIO: Maleriene er en inspirisasjon fra Alf Pr\u00f8ysens historie.<\/p>\n\n\n\n<p class=\"wp-block-paragraph\">Laget Bj\u00f8rn Reitan galleri etter min fars \u00f8nske, det var dette han jobbet for de siste \u00e5rene han hadde her p\u00e5 jorden. Har mange trykk fra Bj\u00f8rn Reitan og denne siden er \u00e5 minne om han og hans maler liv.<\/p>\n\n\n<div class=\"wp-block-image\">\n<figure class=\"aligncenter size-full is-resized\"><img data-recalc-dims=\"1\" loading=\"lazy\" decoding=\"async\" width=\"603\" height=\"757\" data-attachment-id=\"7946\" data-permalink=\"https:\/\/br-galleri.no\/en\/portrett\/\" data-orig-file=\"https:\/\/i0.wp.com\/br-galleri.no\/wp-content\/uploads\/2024\/03\/portrett.jpg?fit=603%2C757&amp;ssl=1\" data-orig-size=\"603,757\" data-comments-opened=\"1\" data-image-meta=\"{&quot;aperture&quot;:&quot;0&quot;,&quot;credit&quot;:&quot;&quot;,&quot;camera&quot;:&quot;&quot;,&quot;caption&quot;:&quot;&quot;,&quot;created_timestamp&quot;:&quot;0&quot;,&quot;copyright&quot;:&quot;&quot;,&quot;focal_length&quot;:&quot;0&quot;,&quot;iso&quot;:&quot;0&quot;,&quot;shutter_speed&quot;:&quot;0&quot;,&quot;title&quot;:&quot;&quot;,&quot;orientation&quot;:&quot;0&quot;}\" data-image-title=\"portrett\" data-image-description=\"\" data-image-caption=\"\" data-large-file=\"https:\/\/i0.wp.com\/br-galleri.no\/wp-content\/uploads\/2024\/03\/portrett.jpg?fit=603%2C757&amp;ssl=1\" src=\"https:\/\/i0.wp.com\/br-galleri.no\/wp-content\/uploads\/2024\/03\/portrett.jpg?resize=603%2C757&#038;ssl=1\" alt=\"Bilde av Thomas Strandeb\u00f8\" class=\"wp-image-7946\" style=\"width:241px;height:auto\" srcset=\"https:\/\/i0.wp.com\/br-galleri.no\/wp-content\/uploads\/2024\/03\/portrett.jpg?w=603&amp;ssl=1 603w, https:\/\/i0.wp.com\/br-galleri.no\/wp-content\/uploads\/2024\/03\/portrett.jpg?resize=239%2C300&amp;ssl=1 239w, https:\/\/i0.wp.com\/br-galleri.no\/wp-content\/uploads\/2024\/03\/portrett.jpg?resize=10%2C12&amp;ssl=1 10w, https:\/\/i0.wp.com\/br-galleri.no\/wp-content\/uploads\/2024\/03\/portrett.jpg?resize=300%2C377&amp;ssl=1 300w, https:\/\/i0.wp.com\/br-galleri.no\/wp-content\/uploads\/2024\/03\/portrett.jpg?resize=600%2C753&amp;ssl=1 600w\" sizes=\"auto, (max-width: 603px) 100vw, 603px\" \/><\/figure>\n<\/div>\n\n\n<p class=\"has-text-align-center wp-block-paragraph\">Thomas Strandeb\u00f8 Reitan f\u00f8dt 21.12.71<\/p>\n\n\n\n<p class=\"wp-block-paragraph\">BIO: Bor i Trondheim, Jobber med UX Design, Grafisk design og Webdesign. Liker det spirituelle\/symbolske aspektet. Liker landskaps scener. Bruker Digital kunst, vannfarger, olje og akryl.<\/p>\n\n\n\n<p class=\"wp-block-paragraph\">LINKER PORTEF\u00d8LJE FOR THOMAS:<\/p>\n\n\n\n<p class=\"wp-block-paragraph\"><a href=\"https:\/\/thomas71.canvy.art\">https:\/\/thomas71.canvy.art<\/a><\/p>\n\n\n\n<p class=\"wp-block-paragraph\"><a href=\"https:\/\/www.behance.net\/tsr-webdesign-no\">https:\/\/www.behance.net\/tsr-webdesign-no<\/a><\/p>\n\n\n\n<p class=\"wp-block-paragraph\"><a href=\"https:\/\/ux-designer.no\">https:\/\/ux-designer.no<\/a><\/p>","protected":false},"excerpt":{"rendered":"<p>ELLING REITAN (f. 1949) https:\/\/www.ellingreitan.com Med sine fargesterke motiver, symboler og fabulerende billedspr\u00e5k har ELLING REITAN (f. 1949) blitt en av landets mest ettertraktede kunstnere. Ogs\u00e5 i USA, Kina og India har de f\u00e5tt \u00f8ynene opp for tr\u00f8nderen, og han har solgt godt etter utstillinger i b\u00e5de Tokyo, Paris, Wien og Gen\u00e8ve. Bj\u00f8rn Reitan f\u00f8dt [&hellip;]<\/p>\n","protected":false},"author":1,"featured_media":0,"parent":0,"menu_order":0,"comment_status":"closed","ping_status":"closed","template":"","meta":{"_crdt_document":"","_exactmetrics_skip_tracking":false,"_exactmetrics_sitenote_active":false,"_exactmetrics_sitenote_note":"","_exactmetrics_sitenote_category":0,"_uf_show_specific_survey":0,"_uf_disable_surveys":false,"_genesis_hide_title":false,"_genesis_hide_breadcrumbs":false,"_genesis_hide_singular_image":false,"_genesis_hide_footer_widgets":false,"_genesis_custom_body_class":"","_genesis_custom_post_class":"","_genesis_layout":"","jetpack_post_was_ever_published":false,"footnotes":""},"class_list":{"0":"post-6911","1":"page","2":"type-page","3":"status-publish","5":"entry"},"yoast_head":"<!-- This site is optimized with the Yoast SEO Premium plugin v27.4 (Yoast SEO v27.4) - https:\/\/yoast.com\/product\/yoast-seo-premium-wordpress\/ -->\n<title>Arists Who Leave a Mark in the Art World - Bj\u00f8rn Reitan Galleri<\/title>\n<meta name=\"description\" content=\"Explore the dynamic works of renowned artists like Elling Reitan, whose vibrant motifs capture attention worldwide.\" \/>\n<meta name=\"robots\" content=\"index, follow, max-snippet:-1, max-image-preview:large, max-video-preview:-1\" \/>\n<link rel=\"canonical\" href=\"https:\/\/br-galleri.no\/en\/artists\/\" \/>\n<meta property=\"og:locale\" content=\"en_GB\" \/>\n<meta property=\"og:type\" content=\"article\" \/>\n<meta property=\"og:title\" content=\"Artists\" \/>\n<meta property=\"og:description\" content=\"Explore the dynamic works of renowned artists like Elling Reitan, whose vibrant motifs capture attention worldwide.\" \/>\n<meta property=\"og:url\" content=\"https:\/\/br-galleri.no\/en\/artists\/\" \/>\n<meta property=\"og:site_name\" content=\"Bj\u00f8rn Reitan Galleri\" \/>\n<meta property=\"article:publisher\" content=\"https:\/\/www.facebook.com\/profile.php?id=100005901580170\" \/>\n<meta property=\"article:modified_time\" content=\"2026-01-31T19:47:23+00:00\" \/>\n<meta property=\"og:image\" content=\"https:\/\/br-galleri.no\/wp-content\/uploads\/2023\/10\/doc-carousel-1024x683.jpeg\" \/>\n<meta name=\"twitter:card\" content=\"summary_large_image\" \/>\n<meta name=\"twitter:site\" content=\"@tsrdesign\" \/>\n<meta name=\"twitter:label1\" content=\"Estimated reading time\" \/>\n\t<meta name=\"twitter:data1\" content=\"2 minutes\" \/>\n<script type=\"application\/ld+json\" class=\"yoast-schema-graph\">{\"@context\":\"https:\\\/\\\/schema.org\",\"@graph\":[{\"@type\":\"WebPage\",\"@id\":\"https:\\\/\\\/br-galleri.no\\\/artists\\\/\",\"url\":\"https:\\\/\\\/br-galleri.no\\\/artists\\\/\",\"name\":\"Arists Who Leave a Mark in the Art World - Bj\u00f8rn Reitan Galleri\",\"isPartOf\":{\"@id\":\"https:\\\/\\\/br-galleri.no\\\/#website\"},\"primaryImageOfPage\":{\"@id\":\"https:\\\/\\\/br-galleri.no\\\/artists\\\/#primaryimage\"},\"image\":{\"@id\":\"https:\\\/\\\/br-galleri.no\\\/artists\\\/#primaryimage\"},\"thumbnailUrl\":\"https:\\\/\\\/br-galleri.no\\\/wp-content\\\/uploads\\\/2023\\\/10\\\/doc-carousel-1024x683.jpeg\",\"datePublished\":\"2022-04-13T17:11:53+00:00\",\"dateModified\":\"2026-01-31T19:47:23+00:00\",\"description\":\"Explore the dynamic works of renowned artists like Elling Reitan, whose vibrant motifs capture attention worldwide.\",\"breadcrumb\":{\"@id\":\"https:\\\/\\\/br-galleri.no\\\/artists\\\/#breadcrumb\"},\"inLanguage\":\"en-GB\",\"potentialAction\":[{\"@type\":\"ReadAction\",\"target\":[\"https:\\\/\\\/br-galleri.no\\\/artists\\\/\"]}]},{\"@type\":\"ImageObject\",\"inLanguage\":\"en-GB\",\"@id\":\"https:\\\/\\\/br-galleri.no\\\/artists\\\/#primaryimage\",\"url\":\"https:\\\/\\\/br-galleri.no\\\/wp-content\\\/uploads\\\/2023\\\/10\\\/doc-carousel-1024x683.jpeg\",\"contentUrl\":\"https:\\\/\\\/br-galleri.no\\\/wp-content\\\/uploads\\\/2023\\\/10\\\/doc-carousel-1024x683.jpeg\"},{\"@type\":\"BreadcrumbList\",\"@id\":\"https:\\\/\\\/br-galleri.no\\\/artists\\\/#breadcrumb\",\"itemListElement\":[{\"@type\":\"ListItem\",\"position\":1,\"name\":\"Home\",\"item\":\"https:\\\/\\\/br-galleri.no\\\/\"},{\"@type\":\"ListItem\",\"position\":2,\"name\":\"Artists\"}]},{\"@type\":\"WebSite\",\"@id\":\"https:\\\/\\\/br-galleri.no\\\/#website\",\"url\":\"https:\\\/\\\/br-galleri.no\\\/\",\"name\":\"Bj\u00f8rn Reitan Galleri\",\"description\":\"Buy paintings, drawings and posters\",\"publisher\":{\"@id\":\"https:\\\/\\\/br-galleri.no\\\/#organization\"},\"alternateName\":\"Gellery\",\"potentialAction\":[{\"@type\":\"SearchAction\",\"target\":{\"@type\":\"EntryPoint\",\"urlTemplate\":\"https:\\\/\\\/br-galleri.no\\\/?s={search_term_string}\"},\"query-input\":{\"@type\":\"PropertyValueSpecification\",\"valueRequired\":true,\"valueName\":\"search_term_string\"}}],\"inLanguage\":\"en-GB\"},{\"@type\":[\"Organization\",\"Place\",\"ArtGallery\"],\"@id\":\"https:\\\/\\\/br-galleri.no\\\/#organization\",\"name\":\"Bj\u00f8rn Reitan Galleri\",\"url\":\"https:\\\/\\\/br-galleri.no\\\/\",\"logo\":{\"@id\":\"https:\\\/\\\/br-galleri.no\\\/artists\\\/#local-main-organization-logo\"},\"image\":{\"@id\":\"https:\\\/\\\/br-galleri.no\\\/artists\\\/#local-main-organization-logo\"},\"sameAs\":[\"https:\\\/\\\/www.facebook.com\\\/profile.php?id=100005901580170\",\"https:\\\/\\\/x.com\\\/tsrdesign\",\"https:\\\/\\\/mastodon.social\\\/@gallery1971\",\"https:\\\/\\\/www.instagram.com\\\/thomas211271\\\/\",\"https:\\\/\\\/www.tiktok.com\\\/@brgallerino\"],\"description\":\"Based in Trondheim, BR-Galleri.no showcases original artwork by leading and emerging Norwegian artists. Explore exhibitions of abstract, figurative, and landscape art that highlight the diversity of Norway\u2019s creative scene.\",\"legalName\":\"Thomas Strandeb\u00f8\",\"foundingDate\":\"2019-01-01\",\"numberOfEmployees\":{\"@type\":\"QuantitativeValue\",\"minValue\":\"1\",\"maxValue\":\"10\"},\"publishingPrinciples\":\"https:\\\/\\\/br-galleri.no\\\/terms-and-conditions\\\/\",\"ownershipFundingInfo\":\"https:\\\/\\\/br-galleri.no\\\/terms-and-conditions\\\/\",\"actionableFeedbackPolicy\":\"https:\\\/\\\/br-galleri.no\\\/terms-and-conditions\\\/\",\"correctionsPolicy\":\"https:\\\/\\\/br-galleri.no\\\/terms-and-conditions\\\/\",\"ethicsPolicy\":\"https:\\\/\\\/br-galleri.no\\\/terms-and-conditions\\\/\",\"diversityPolicy\":\"https:\\\/\\\/br-galleri.no\\\/terms-and-conditions\\\/\",\"diversityStaffingReport\":\"https:\\\/\\\/br-galleri.no\\\/terms-and-conditions\\\/\",\"hasMerchantReturnPolicy\":{\"@type\":\"MerchantReturnPolicy\",\"merchantReturnLink\":\"https:\\\/\\\/br-galleri.no\\\/en\\\/refund_returns\\\/\"},\"address\":{\"@id\":\"https:\\\/\\\/br-galleri.no\\\/artists\\\/#local-main-place-address\"},\"telephone\":[\"95075797\"],\"openingHoursSpecification\":{\"@type\":\"OpeningHoursSpecification\",\"dayOfWeek\":[\"Monday\",\"Tuesday\",\"Wednesday\",\"Thursday\",\"Friday\",\"Saturday\",\"Sunday\"],\"opens\":\"00:00\",\"closes\":\"23:59\"},\"email\":\"thomas@tsrdesign.no\",\"faxNumber\":\"TSR -WEBDESIGN\",\"priceRange\":\"$$$$\"},{\"@type\":\"PostalAddress\",\"@id\":\"https:\\\/\\\/br-galleri.no\\\/artists\\\/#local-main-place-address\",\"streetAddress\":\"Kroppanvegen 71\",\"addressLocality\":\"Tiller\",\"postalCode\":\"7075\",\"addressRegion\":\"S\u00f8r-Tr\u00f8ndelag\",\"addressCountry\":\"NO\"},{\"@type\":\"ImageObject\",\"inLanguage\":\"en-GB\",\"@id\":\"https:\\\/\\\/br-galleri.no\\\/artists\\\/#local-main-organization-logo\",\"url\":\"https:\\\/\\\/i0.wp.com\\\/br-galleri.no\\\/wp-content\\\/uploads\\\/2023\\\/08\\\/LOGO.png?fit=288%2C327&ssl=1\",\"contentUrl\":\"https:\\\/\\\/i0.wp.com\\\/br-galleri.no\\\/wp-content\\\/uploads\\\/2023\\\/08\\\/LOGO.png?fit=288%2C327&ssl=1\",\"width\":288,\"height\":327,\"caption\":\"Bj\u00f8rn Reitan Galleri\"}]}<\/script>\n<meta name=\"geo.placename\" content=\"Tiller\" \/>\n<meta name=\"geo.region\" content=\"Norway\" \/>\n<!-- \/ Yoast SEO Premium plugin. -->","yoast_head_json":{"title":"Arists Who Leave a Mark in the Art World - Bj\u00f8rn Reitan Galleri","description":"Explore the dynamic works of renowned artists like Elling Reitan, whose vibrant motifs capture attention worldwide.","robots":{"index":"index","follow":"follow","max-snippet":"max-snippet:-1","max-image-preview":"max-image-preview:large","max-video-preview":"max-video-preview:-1"},"canonical":"https:\/\/br-galleri.no\/en\/artists\/","og_locale":"en_GB","og_type":"article","og_title":"Artists","og_description":"Explore the dynamic works of renowned artists like Elling Reitan, whose vibrant motifs capture attention worldwide.","og_url":"https:\/\/br-galleri.no\/en\/artists\/","og_site_name":"Bj\u00f8rn Reitan Galleri","article_publisher":"https:\/\/www.facebook.com\/profile.php?id=100005901580170","article_modified_time":"2026-01-31T19:47:23+00:00","og_image":[{"url":"https:\/\/br-galleri.no\/wp-content\/uploads\/2023\/10\/doc-carousel-1024x683.jpeg","type":"","width":"","height":""}],"twitter_card":"summary_large_image","twitter_site":"@tsrdesign","twitter_misc":{"Estimated reading time":"2 minutes"},"schema":{"@context":"https:\/\/schema.org","@graph":[{"@type":"WebPage","@id":"https:\/\/br-galleri.no\/artists\/","url":"https:\/\/br-galleri.no\/artists\/","name":"Arists Who Leave a Mark in the Art World - Bj\u00f8rn Reitan Galleri","isPartOf":{"@id":"https:\/\/br-galleri.no\/#website"},"primaryImageOfPage":{"@id":"https:\/\/br-galleri.no\/artists\/#primaryimage"},"image":{"@id":"https:\/\/br-galleri.no\/artists\/#primaryimage"},"thumbnailUrl":"https:\/\/br-galleri.no\/wp-content\/uploads\/2023\/10\/doc-carousel-1024x683.jpeg","datePublished":"2022-04-13T17:11:53+00:00","dateModified":"2026-01-31T19:47:23+00:00","description":"Explore the dynamic works of renowned artists like Elling Reitan, whose vibrant motifs capture attention worldwide.","breadcrumb":{"@id":"https:\/\/br-galleri.no\/artists\/#breadcrumb"},"inLanguage":"en-GB","potentialAction":[{"@type":"ReadAction","target":["https:\/\/br-galleri.no\/artists\/"]}]},{"@type":"ImageObject","inLanguage":"en-GB","@id":"https:\/\/br-galleri.no\/artists\/#primaryimage","url":"https:\/\/br-galleri.no\/wp-content\/uploads\/2023\/10\/doc-carousel-1024x683.jpeg","contentUrl":"https:\/\/br-galleri.no\/wp-content\/uploads\/2023\/10\/doc-carousel-1024x683.jpeg"},{"@type":"BreadcrumbList","@id":"https:\/\/br-galleri.no\/artists\/#breadcrumb","itemListElement":[{"@type":"ListItem","position":1,"name":"Home","item":"https:\/\/br-galleri.no\/"},{"@type":"ListItem","position":2,"name":"Artists"}]},{"@type":"WebSite","@id":"https:\/\/br-galleri.no\/#website","url":"https:\/\/br-galleri.no\/","name":"Bj\u00f8rn Reitan Galleri","description":"Buy paintings, drawings and posters","publisher":{"@id":"https:\/\/br-galleri.no\/#organization"},"alternateName":"Gellery","potentialAction":[{"@type":"SearchAction","target":{"@type":"EntryPoint","urlTemplate":"https:\/\/br-galleri.no\/?s={search_term_string}"},"query-input":{"@type":"PropertyValueSpecification","valueRequired":true,"valueName":"search_term_string"}}],"inLanguage":"en-GB"},{"@type":["Organization","Place","ArtGallery"],"@id":"https:\/\/br-galleri.no\/#organization","name":"Bj\u00f8rn Reitan Galleri","url":"https:\/\/br-galleri.no\/","logo":{"@id":"https:\/\/br-galleri.no\/artists\/#local-main-organization-logo"},"image":{"@id":"https:\/\/br-galleri.no\/artists\/#local-main-organization-logo"},"sameAs":["https:\/\/www.facebook.com\/profile.php?id=100005901580170","https:\/\/x.com\/tsrdesign","https:\/\/mastodon.social\/@gallery1971","https:\/\/www.instagram.com\/thomas211271\/","https:\/\/www.tiktok.com\/@brgallerino"],"description":"Based in Trondheim, BR-Galleri.no showcases original artwork by leading and emerging Norwegian artists. Explore exhibitions of abstract, figurative, and landscape art that highlight the diversity of Norway\u2019s creative scene.","legalName":"Thomas Strandeb\u00f8","foundingDate":"2019-01-01","numberOfEmployees":{"@type":"QuantitativeValue","minValue":"1","maxValue":"10"},"publishingPrinciples":"https:\/\/br-galleri.no\/terms-and-conditions\/","ownershipFundingInfo":"https:\/\/br-galleri.no\/terms-and-conditions\/","actionableFeedbackPolicy":"https:\/\/br-galleri.no\/terms-and-conditions\/","correctionsPolicy":"https:\/\/br-galleri.no\/terms-and-conditions\/","ethicsPolicy":"https:\/\/br-galleri.no\/terms-and-conditions\/","diversityPolicy":"https:\/\/br-galleri.no\/terms-and-conditions\/","diversityStaffingReport":"https:\/\/br-galleri.no\/terms-and-conditions\/","hasMerchantReturnPolicy":{"@type":"MerchantReturnPolicy","merchantReturnLink":"https:\/\/br-galleri.no\/en\/refund_returns\/"},"address":{"@id":"https:\/\/br-galleri.no\/artists\/#local-main-place-address"},"telephone":["95075797"],"openingHoursSpecification":{"@type":"OpeningHoursSpecification","dayOfWeek":["Monday","Tuesday","Wednesday","Thursday","Friday","Saturday","Sunday"],"opens":"00:00","closes":"23:59"},"email":"thomas@tsrdesign.no","faxNumber":"TSR -WEBDESIGN","priceRange":"$$$$"},{"@type":"PostalAddress","@id":"https:\/\/br-galleri.no\/artists\/#local-main-place-address","streetAddress":"Kroppanvegen 71","addressLocality":"Tiller","postalCode":"7075","addressRegion":"S\u00f8r-Tr\u00f8ndelag","addressCountry":"NO"},{"@type":"ImageObject","inLanguage":"en-GB","@id":"https:\/\/br-galleri.no\/artists\/#local-main-organization-logo","url":"https:\/\/i0.wp.com\/br-galleri.no\/wp-content\/uploads\/2023\/08\/LOGO.png?fit=288%2C327&ssl=1","contentUrl":"https:\/\/i0.wp.com\/br-galleri.no\/wp-content\/uploads\/2023\/08\/LOGO.png?fit=288%2C327&ssl=1","width":288,"height":327,"caption":"Bj\u00f8rn Reitan Galleri"}]},"geo.placename":"Tiller","geo.region":"Norway"},"jetpack_sharing_enabled":true,"jetpack_shortlink":"https:\/\/wp.me\/P9QFE3-1Nt","jetpack-related-posts":[],"_links":{"self":[{"href":"https:\/\/br-galleri.no\/en\/wp-json\/wp\/v2\/pages\/6911","targetHints":{"allow":["GET"]}}],"collection":[{"href":"https:\/\/br-galleri.no\/en\/wp-json\/wp\/v2\/pages"}],"about":[{"href":"https:\/\/br-galleri.no\/en\/wp-json\/wp\/v2\/types\/page"}],"author":[{"embeddable":true,"href":"https:\/\/br-galleri.no\/en\/wp-json\/wp\/v2\/users\/1"}],"replies":[{"embeddable":true,"href":"https:\/\/br-galleri.no\/en\/wp-json\/wp\/v2\/comments?post=6911"}],"version-history":[{"count":15,"href":"https:\/\/br-galleri.no\/en\/wp-json\/wp\/v2\/pages\/6911\/revisions"}],"predecessor-version":[{"id":7952,"href":"https:\/\/br-galleri.no\/en\/wp-json\/wp\/v2\/pages\/6911\/revisions\/7952"}],"wp:attachment":[{"href":"https:\/\/br-galleri.no\/en\/wp-json\/wp\/v2\/media?parent=6911"}],"curies":[{"name":"wp","href":"https:\/\/api.w.org\/{rel}","templated":true}]}}